{"id":97,"date":"2026-02-23T09:51:05","date_gmt":"2026-02-23T09:51:05","guid":{"rendered":"https:\/\/tierenov.fr\/?page_id=97"},"modified":"2026-03-12T09:07:33","modified_gmt":"2026-03-12T09:07:33","slug":"contact","status":"publish","type":"page","link":"https:\/\/tierenov.fr\/index.php\/contact\/","title":{"rendered":"Contact"},"content":{"rendered":"\n<div class=\"wp-block-uagb-container uagb-block-48acee60 alignfull uagb-is-root-container\">\n<div class=\"wp-block-uagb-image uagb-block-347dec8e wp-block-uagb-image--layout-default wp-block-uagb-image--effect-static wp-block-uagb-image--align-none\"><figure class=\"wp-block-uagb-image__figure\"><img decoding=\"async\" srcset=\"https:\/\/tierenov.fr\/wp-content\/uploads\/2026\/03\/photo-contact-1024x358.webp ,https:\/\/tierenov.fr\/wp-content\/uploads\/2026\/03\/photo-contact.webp 780w, https:\/\/tierenov.fr\/wp-content\/uploads\/2026\/03\/photo-contact.webp 360w\" sizes=\"auto, (max-width: 480px) 150px\" src=\"https:\/\/tierenov.fr\/wp-content\/uploads\/2026\/03\/photo-contact-1024x358.webp\" alt=\"photo avec un ordinateur illustrant la prise de contact avec l'entreprise de r\u00e9novation manchoise\" class=\"uag-image-481\" width=\"1920\" height=\"672\" title=\"photo-contact\" loading=\"lazy\" role=\"img\"\/><\/figure><\/div>\n<\/div>\n\n\n\n<div class=\"wp-block-uagb-container uagb-block-cc01adcd alignfull uagb-is-root-container\"><div class=\"uagb-container-inner-blocks-wrap\">\n<div class=\"wp-block-uagb-advanced-heading uagb-block-fa01ece7\"><h1 class=\"uagb-heading-text\">Contact<\/h1><\/div>\n\n\n\n<p style=\"font-size:24px\">T\u00e9lephone : <a href=\"tel: 0678980788\">06 78 98 07 88<\/a><\/p>\n\n\n\n<p style=\"font-size:24px\">Mail : <a href=\"mailto:contact@tierenov.fr\">contact@tierenov.fr<\/a><\/p>\n\n\n\n<div class=\"wp-block-uagb-advanced-heading uagb-block-ab3d45ce\"><h2 class=\"uagb-heading-text\">Formulaire de contact<\/h2><\/div>\n\n\n\n<div class=\"wp-block-uagb-forms uagb-forms__outer-wrap uagb-block-4cf540d3 uagb-forms__medium-btn\"><form class=\"uagb-forms-main-form\" method=\"post\" autocomplete=\"on\" name=\"uagb-form-4cf540d3\">\n<div class=\"wp-block-uagb-forms-name uagb-forms-name-wrap uagb-forms-field-set uagb-block-4476b4bb\"><div class=\"uagb-forms-name-label required uagb-forms-input-label\" id=\"4476b4bb\">Nom<\/div><input type=\"text\" placeholder=\"\" required class=\"uagb-forms-name-input uagb-forms-input\" name=\"4476b4bb\" autocomplete=\"given-name\"\/><\/div>\n\n\n\n<div class=\"wp-block-uagb-forms-name uagb-forms-name-wrap uagb-forms-field-set uagb-block-6296a13c\"><div class=\"uagb-forms-name-label required uagb-forms-input-label\" id=\"6296a13c\">Pr\u00e9nom<\/div><input type=\"text\" placeholder=\"\" required class=\"uagb-forms-name-input uagb-forms-input\" name=\"6296a13c\" autocomplete=\"family-name\"\/><\/div>\n\n\n\n<div class=\"wp-block-uagb-forms-name uagb-forms-name-wrap uagb-forms-field-set uagb-block-0fb758ac\"><div class=\"uagb-forms-name-label required uagb-forms-input-label\" id=\"0fb758ac\">T\u00e9l\u00e9phone<\/div><input type=\"text\" placeholder=\"\" required class=\"uagb-forms-name-input uagb-forms-input\" name=\"0fb758ac\" autocomplete=\"off\"\/><\/div>\n\n\n\n<div class=\"wp-block-uagb-forms-email uagb-forms-email-wrap uagb-forms-field-set uagb-block-89d61598\"><div class=\"uagb-forms-email-label required uagb-forms-input-label\" id=\"89d61598\">Email<\/div><input type=\"email\" class=\"uagb-forms-email-input uagb-forms-input\" placeholder=\"\" required name=\"89d61598\" autocomplete=\"email\"\/><\/div>\n\n\n\n<div class=\"wp-block-uagb-forms-textarea uagb-forms-textarea-wrap uagb-forms-field-set uagb-block-199ca9b2\"><div class=\"uagb-forms-textarea-label required uagb-forms-input-label\" id=\"199ca9b2\">Message<\/div><textarea required class=\"uagb-forms-textarea-input uagb-forms-input\" rows=\"6\" placeholder=\"\" name=\"199ca9b2\" autocomplete=\"off\"><\/textarea><\/div>\n<div class=\"uagb-forms-form-hidden-data\"><input type=\"hidden\" id=\"g-recaptcha-response\" class=\"uagb-forms-recaptcha\"\/><input type=\"hidden\" class=\"uagb_forms_form_label\" value=\"Spectra Form\"\/><input type=\"hidden\" class=\"uagb_forms_form_id\" value=\"uagb-form-4cf540d3\"\/><\/div><div class=\"uagb-form-reacaptcha-error-4cf540d3\"><\/div><div class=\"uagb-forms-main-submit-button-wrap wp-block-button\"><button class=\"uagb-forms-main-submit-button wp-block-button__link\"><div class=\"uagb-forms-main-submit-button-text\">Envoyer<\/div><\/button><\/div><\/form><div class=\"uagb-forms-success-message-4cf540d3 uagb-forms-submit-message-hide\"><span>Merci pour votre message, nous reviendrons vers vous d\u00e8s que possible.<\/span><\/div><div class=\"uagb-forms-failed-message-4cf540d3 uagb-forms-submit-message-hide\"><span>Une erreur est survenue, v\u00e9rifiez les champs.<\/span><\/div><\/div>\n<\/div><\/div>\n","protected":false},"excerpt":{"rendered":"<p>Contact T\u00e9lephone : 06 78 98 07 88 Mail : contact@tierenov.fr Formulaire de contact<\/p>\n","protected":false},"author":1,"featured_media":0,"parent":0,"menu_order":0,"comment_status":"closed","ping_status":"closed","template":"","meta":{"inline_featured_image":false,"_uag_custom_page_level_css":"\/* ============================= *\/\n\/* HEADER NOIR + MARGE HAUT *\/\n.ast-primary-header-bar {\n    background-color: #070406 !important;\n    padding-top: px;\n    padding-bottom: px;\n}\n\n\/* ============================= *\/\n\/* MENU BLANC *\/\n.ast-builder-menu-1 .menu-link {\n    color: #ffffff !important;\n}\n\n\/* ============================= *\/\n\/* LIEN ACTIF EN JAUNE *\/\n.current-menu-item > .menu-link,\n.current_page_item > .menu-link {\n    color: #F5C421 !important; \/* jaune *\/\n}\n\n\/* ============================= *\/\n\/* CONTENEUR LOGO *\/\n.ast-site-identity a {\n    position: relative;\n    display: block; \/* permet de contenir le ::before *\/\n    width: 150px;   \/* largeur du logo *\/\n    height: 150px;  \/* hauteur du logo *\/\n}\n\n\/* CACHE LOGO NATIF *\/\n.ast-site-identity img {\n    display: none;\n}\n\n\/* ============================= *\/\n\/* NOUVEAU LOGO CENTR\u00c9 + CLIQUABLE *\/\n.ast-site-identity a::before {\n    content: \"\";\n    position: absolute;\n    top: 50%;\n    left: 0;\n    transform: translateY(-50%);\n    width: 150px;\n    height: 150px;\n    background-image: url(\"http:\/\/tierenov.fr\/wp-content\/uploads\/2026\/02\/logo-blanc-sf.svg\");\n    background-repeat: no-repeat;\n    background-size: contain;\n    background-position: left center;\n}\n\n\/* ============================= *\/\n\/* MOBILE MENU *\/\n@media (max-width: 1024px) {\n    .ast-builder-menu-1 .menu-link {\n        color: #ffffff !important;\n    }\n}","site-sidebar-layout":"default","site-content-layout":"","ast-site-content-layout":"default","site-content-style":"default","site-sidebar-style":"default","ast-global-header-display":"","ast-banner-title-visibility":"","ast-main-header-display":"","ast-hfb-above-header-display":"","ast-hfb-below-header-display":"","ast-hfb-mobile-header-display":"","site-post-title":"disabled","ast-breadcrumbs-content":"","ast-featured-img":"","footer-sml-layout":"","ast-disable-related-posts":"","theme-transparent-header-meta":"","adv-header-id-meta":"","stick-header-meta":"","header-above-stick-meta":"","header-main-stick-meta":"","header-below-stick-meta":"","astra-migrate-meta-layouts":"default","ast-page-background-enabled":"default","ast-page-background-meta":{"desktop":{"background-color":"var(--ast-global-color-5)","background-image":"","background-repeat":"repeat","background-position":"center center","background-size":"auto","background-attachment":"scroll","background-type":"","background-media":"","overlay-type":"","overlay-color":"","overlay-opacity":"","overlay-gradient":""},"tablet":{"background-color":"","background-image":"","background-repeat":"repeat","background-position":"center center","background-size":"auto","background-attachment":"scroll","background-type":"","background-media":"","overlay-type":"","overlay-color":"","overlay-opacity":"","overlay-gradient":""},"mobile":{"background-color":"","background-image":"","background-repeat":"repeat","background-position":"center center","background-size":"auto","background-attachment":"scroll","background-type":"","background-media":"","overlay-type":"","overlay-color":"","overlay-opacity":"","overlay-gradient":""}},"ast-content-background-meta":{"desktop":{"background-color":"var(--ast-global-color-4)","background-image":"","background-repeat":"repeat","background-position":"center center","background-size":"auto","background-attachment":"scroll","background-type":"","background-media":"","overlay-type":"","overlay-color":"","overlay-opacity":"","overlay-gradient":""},"tablet":{"background-color":"var(--ast-global-color-4)","background-image":"","background-repeat":"repeat","background-position":"center center","background-size":"auto","background-attachment":"scroll","background-type":"","background-media":"","overlay-type":"","overlay-color":"","overlay-opacity":"","overlay-gradient":""},"mobile":{"background-color":"var(--ast-global-color-4)","background-image":"","background-repeat":"repeat","background-position":"center center","background-size":"auto","background-attachment":"scroll","background-type":"","background-media":"","overlay-type":"","overlay-color":"","overlay-opacity":"","overlay-gradient":""}},"footnotes":""},"class_list":["post-97","page","type-page","status-publish","hentry"],"yoast_head":"<!-- This site is optimized with the Yoast SEO plugin v27.5 - https:\/\/yoast.com\/product\/yoast-seo-wordpress\/ -->\n<title>Contact - TIE RENOV<\/title>\n<meta name=\"description\" content=\"Contactez TIE R\u00e9nov pour vos projets de r\u00e9novation dans la Manche. Obtenez un devis personnalis\u00e9 et des conseils adapt\u00e9s \u00e0 vos travaux.\" \/>\n<meta name=\"robots\" content=\"index, follow, max-snippet:-1, max-image-preview:large, max-video-preview:-1\" \/>\n<link rel=\"canonical\" href=\"https:\/\/tierenov.fr\/index.php\/contact\/\" \/>\n<meta property=\"og:locale\" content=\"fr_FR\" \/>\n<meta property=\"og:type\" content=\"article\" \/>\n<meta property=\"og:title\" content=\"Contact - TIE RENOV\" \/>\n<meta property=\"og:description\" content=\"Contactez TIE R\u00e9nov pour vos projets de r\u00e9novation dans la Manche. Obtenez un devis personnalis\u00e9 et des conseils adapt\u00e9s \u00e0 vos travaux.\" \/>\n<meta property=\"og:url\" content=\"https:\/\/tierenov.fr\/index.php\/contact\/\" \/>\n<meta property=\"og:site_name\" content=\"TIE RENOV\" \/>\n<meta property=\"article:modified_time\" content=\"2026-03-12T09:07:33+00:00\" \/>\n<meta property=\"og:image\" content=\"https:\/\/tierenov.fr\/wp-content\/uploads\/2026\/03\/photo-contact-1024x358.webp\" \/>\n<meta name=\"twitter:card\" content=\"summary_large_image\" \/>\n<meta name=\"twitter:label1\" content=\"Dur\u00e9e de lecture estim\u00e9e\" \/>\n\t<meta name=\"twitter:data1\" content=\"1 minute\" \/>\n<script type=\"application\/ld+json\" class=\"yoast-schema-graph\">{\"@context\":\"https:\\\/\\\/schema.org\",\"@graph\":[{\"@type\":\"WebPage\",\"@id\":\"https:\\\/\\\/tierenov.fr\\\/index.php\\\/contact\\\/\",\"url\":\"https:\\\/\\\/tierenov.fr\\\/index.php\\\/contact\\\/\",\"name\":\"Contact - TIE RENOV\",\"isPartOf\":{\"@id\":\"https:\\\/\\\/tierenov.fr\\\/#website\"},\"primaryImageOfPage\":{\"@id\":\"https:\\\/\\\/tierenov.fr\\\/index.php\\\/contact\\\/#primaryimage\"},\"image\":{\"@id\":\"https:\\\/\\\/tierenov.fr\\\/index.php\\\/contact\\\/#primaryimage\"},\"thumbnailUrl\":\"https:\\\/\\\/tierenov.fr\\\/wp-content\\\/uploads\\\/2026\\\/03\\\/photo-contact-1024x358.webp\",\"datePublished\":\"2026-02-23T09:51:05+00:00\",\"dateModified\":\"2026-03-12T09:07:33+00:00\",\"description\":\"Contactez TIE R\u00e9nov pour vos projets de r\u00e9novation dans la Manche. Obtenez un devis personnalis\u00e9 et des conseils adapt\u00e9s \u00e0 vos travaux.\",\"breadcrumb\":{\"@id\":\"https:\\\/\\\/tierenov.fr\\\/index.php\\\/contact\\\/#breadcrumb\"},\"inLanguage\":\"fr-FR\",\"potentialAction\":[{\"@type\":\"ReadAction\",\"target\":[\"https:\\\/\\\/tierenov.fr\\\/index.php\\\/contact\\\/\"]}]},{\"@type\":\"ImageObject\",\"inLanguage\":\"fr-FR\",\"@id\":\"https:\\\/\\\/tierenov.fr\\\/index.php\\\/contact\\\/#primaryimage\",\"url\":\"https:\\\/\\\/tierenov.fr\\\/wp-content\\\/uploads\\\/2026\\\/03\\\/photo-contact-1024x358.webp\",\"contentUrl\":\"https:\\\/\\\/tierenov.fr\\\/wp-content\\\/uploads\\\/2026\\\/03\\\/photo-contact-1024x358.webp\"},{\"@type\":\"BreadcrumbList\",\"@id\":\"https:\\\/\\\/tierenov.fr\\\/index.php\\\/contact\\\/#breadcrumb\",\"itemListElement\":[{\"@type\":\"ListItem\",\"position\":1,\"name\":\"Accueil\",\"item\":\"https:\\\/\\\/tierenov.fr\\\/\"},{\"@type\":\"ListItem\",\"position\":2,\"name\":\"Contact\"}]},{\"@type\":\"WebSite\",\"@id\":\"https:\\\/\\\/tierenov.fr\\\/#website\",\"url\":\"https:\\\/\\\/tierenov.fr\\\/\",\"name\":\"TIE RENOV\",\"description\":\"Une seule \u00e9quipe du d\u00e9but \u00e0 la fin\",\"publisher\":{\"@id\":\"https:\\\/\\\/tierenov.fr\\\/#organization\"},\"potentialAction\":[{\"@type\":\"SearchAction\",\"target\":{\"@type\":\"EntryPoint\",\"urlTemplate\":\"https:\\\/\\\/tierenov.fr\\\/?s={search_term_string}\"},\"query-input\":{\"@type\":\"PropertyValueSpecification\",\"valueRequired\":true,\"valueName\":\"search_term_string\"}}],\"inLanguage\":\"fr-FR\"},{\"@type\":\"Organization\",\"@id\":\"https:\\\/\\\/tierenov.fr\\\/#organization\",\"name\":\"TIE RENOV\",\"url\":\"https:\\\/\\\/tierenov.fr\\\/\",\"logo\":{\"@type\":\"ImageObject\",\"inLanguage\":\"fr-FR\",\"@id\":\"https:\\\/\\\/tierenov.fr\\\/#\\\/schema\\\/logo\\\/image\\\/\",\"url\":\"https:\\\/\\\/tierenov.fr\\\/wp-content\\\/uploads\\\/2026\\\/02\\\/logo-fond-9blanc.svg\",\"contentUrl\":\"https:\\\/\\\/tierenov.fr\\\/wp-content\\\/uploads\\\/2026\\\/02\\\/logo-fond-9blanc.svg\",\"caption\":\"TIE RENOV\"},\"image\":{\"@id\":\"https:\\\/\\\/tierenov.fr\\\/#\\\/schema\\\/logo\\\/image\\\/\"}}]}<\/script>\n<!-- \/ Yoast SEO plugin. -->","yoast_head_json":{"title":"Contact - TIE RENOV","description":"Contactez TIE R\u00e9nov pour vos projets de r\u00e9novation dans la Manche. Obtenez un devis personnalis\u00e9 et des conseils adapt\u00e9s \u00e0 vos travaux.","robots":{"index":"index","follow":"follow","max-snippet":"max-snippet:-1","max-image-preview":"max-image-preview:large","max-video-preview":"max-video-preview:-1"},"canonical":"https:\/\/tierenov.fr\/index.php\/contact\/","og_locale":"fr_FR","og_type":"article","og_title":"Contact - TIE RENOV","og_description":"Contactez TIE R\u00e9nov pour vos projets de r\u00e9novation dans la Manche. Obtenez un devis personnalis\u00e9 et des conseils adapt\u00e9s \u00e0 vos travaux.","og_url":"https:\/\/tierenov.fr\/index.php\/contact\/","og_site_name":"TIE RENOV","article_modified_time":"2026-03-12T09:07:33+00:00","og_image":[{"url":"https:\/\/tierenov.fr\/wp-content\/uploads\/2026\/03\/photo-contact-1024x358.webp","type":"","width":"","height":""}],"twitter_card":"summary_large_image","twitter_misc":{"Dur\u00e9e de lecture estim\u00e9e":"1 minute"},"schema":{"@context":"https:\/\/schema.org","@graph":[{"@type":"WebPage","@id":"https:\/\/tierenov.fr\/index.php\/contact\/","url":"https:\/\/tierenov.fr\/index.php\/contact\/","name":"Contact - TIE RENOV","isPartOf":{"@id":"https:\/\/tierenov.fr\/#website"},"primaryImageOfPage":{"@id":"https:\/\/tierenov.fr\/index.php\/contact\/#primaryimage"},"image":{"@id":"https:\/\/tierenov.fr\/index.php\/contact\/#primaryimage"},"thumbnailUrl":"https:\/\/tierenov.fr\/wp-content\/uploads\/2026\/03\/photo-contact-1024x358.webp","datePublished":"2026-02-23T09:51:05+00:00","dateModified":"2026-03-12T09:07:33+00:00","description":"Contactez TIE R\u00e9nov pour vos projets de r\u00e9novation dans la Manche. Obtenez un devis personnalis\u00e9 et des conseils adapt\u00e9s \u00e0 vos travaux.","breadcrumb":{"@id":"https:\/\/tierenov.fr\/index.php\/contact\/#breadcrumb"},"inLanguage":"fr-FR","potentialAction":[{"@type":"ReadAction","target":["https:\/\/tierenov.fr\/index.php\/contact\/"]}]},{"@type":"ImageObject","inLanguage":"fr-FR","@id":"https:\/\/tierenov.fr\/index.php\/contact\/#primaryimage","url":"https:\/\/tierenov.fr\/wp-content\/uploads\/2026\/03\/photo-contact-1024x358.webp","contentUrl":"https:\/\/tierenov.fr\/wp-content\/uploads\/2026\/03\/photo-contact-1024x358.webp"},{"@type":"BreadcrumbList","@id":"https:\/\/tierenov.fr\/index.php\/contact\/#breadcrumb","itemListElement":[{"@type":"ListItem","position":1,"name":"Accueil","item":"https:\/\/tierenov.fr\/"},{"@type":"ListItem","position":2,"name":"Contact"}]},{"@type":"WebSite","@id":"https:\/\/tierenov.fr\/#website","url":"https:\/\/tierenov.fr\/","name":"TIE RENOV","description":"Une seule \u00e9quipe du d\u00e9but \u00e0 la fin","publisher":{"@id":"https:\/\/tierenov.fr\/#organization"},"potentialAction":[{"@type":"SearchAction","target":{"@type":"EntryPoint","urlTemplate":"https:\/\/tierenov.fr\/?s={search_term_string}"},"query-input":{"@type":"PropertyValueSpecification","valueRequired":true,"valueName":"search_term_string"}}],"inLanguage":"fr-FR"},{"@type":"Organization","@id":"https:\/\/tierenov.fr\/#organization","name":"TIE RENOV","url":"https:\/\/tierenov.fr\/","logo":{"@type":"ImageObject","inLanguage":"fr-FR","@id":"https:\/\/tierenov.fr\/#\/schema\/logo\/image\/","url":"https:\/\/tierenov.fr\/wp-content\/uploads\/2026\/02\/logo-fond-9blanc.svg","contentUrl":"https:\/\/tierenov.fr\/wp-content\/uploads\/2026\/02\/logo-fond-9blanc.svg","caption":"TIE RENOV"},"image":{"@id":"https:\/\/tierenov.fr\/#\/schema\/logo\/image\/"}}]}},"uagb_featured_image_src":{"full":false,"thumbnail":false,"medium":false,"medium_large":false,"large":false,"1536x1536":false,"2048x2048":false},"uagb_author_info":{"display_name":"Bastien","author_link":"https:\/\/tierenov.fr\/index.php\/author\/admin1415\/"},"uagb_comment_info":0,"uagb_excerpt":"Contact T\u00e9lephone : 06 78 98 07 88 Mail : contact@tierenov.fr Formulaire de contact","_links":{"self":[{"href":"https:\/\/tierenov.fr\/index.php\/wp-json\/wp\/v2\/pages\/97","targetHints":{"allow":["GET"]}}],"collection":[{"href":"https:\/\/tierenov.fr\/index.php\/wp-json\/wp\/v2\/pages"}],"about":[{"href":"https:\/\/tierenov.fr\/index.php\/wp-json\/wp\/v2\/types\/page"}],"author":[{"embeddable":true,"href":"https:\/\/tierenov.fr\/index.php\/wp-json\/wp\/v2\/users\/1"}],"replies":[{"embeddable":true,"href":"https:\/\/tierenov.fr\/index.php\/wp-json\/wp\/v2\/comments?post=97"}],"version-history":[{"count":38,"href":"https:\/\/tierenov.fr\/index.php\/wp-json\/wp\/v2\/pages\/97\/revisions"}],"predecessor-version":[{"id":966,"href":"https:\/\/tierenov.fr\/index.php\/wp-json\/wp\/v2\/pages\/97\/revisions\/966"}],"wp:attachment":[{"href":"https:\/\/tierenov.fr\/index.php\/wp-json\/wp\/v2\/media?parent=97"}],"curies":[{"name":"wp","href":"https:\/\/api.w.org\/{rel}","templated":true}]}}