{"id":95,"date":"2026-02-23T09:50:55","date_gmt":"2026-02-23T09:50:55","guid":{"rendered":"https:\/\/tierenov.fr\/?page_id=95"},"modified":"2026-04-20T10:24:45","modified_gmt":"2026-04-20T10:24:45","slug":"realisations-tavaux-renovation","status":"publish","type":"page","link":"https:\/\/tierenov.fr\/index.php\/realisations-tavaux-renovation\/","title":{"rendered":"R\u00e9alisation"},"content":{"rendered":"\n<div class=\"wp-block-uagb-container uagb-block-4c5691e4 alignfull uagb-is-root-container\">\n<div class=\"wp-block-uagb-advanced-heading uagb-block-c6efdeff\"><h1 class=\"uagb-heading-text\">Nos r\u00e9alisations de travaux de r\u00e9novation<\/h1><p class=\"uagb-desc-text\"><br>D\u00e9couvrez nos projets et nos r\u00e9alisations en travaux de r\u00e9novation de l\u2019habitat. \u00c0 travers nos diff\u00e9rents chantiers, nous accompagnons particuliers et professionnels dans la transformation et l\u2019am\u00e9lioration de leurs espaces de vie ou de travail.<br><br>Maison, appartement ou bureaux, chaque projet est r\u00e9alis\u00e9 avec soin et dans le respect des besoins de nos clients. De la r\u00e9novation int\u00e9rieure aux travaux d\u2019am\u00e9nagement, nos \u00e9quipes interviennent sur diff\u00e9rents corps de m\u00e9tier afin de garantir des r\u00e9alisations durables et de qualit\u00e9.<br><br>Retrouvez ici une s\u00e9lection de nos chantiers et transformations de maisons, d\u2019appartements et de locaux professionnels dans la Manche, en Normandie, illustrant notre savoir-faire et notre engagement pour des travaux r\u00e9alis\u00e9s avec rigueur.<\/p><\/div>\n<\/div>\n\n\n\n<div class=\"wp-block-uagb-container uagb-layout-grid uagb-block-32166a2a alignfull uagb-is-root-container\">\n<div class=\"wp-block-uagb-container uagb-block-5833c47d\">\n<div class=\"wp-block-uagb-image uagb-block-09778c57 wp-block-uagb-image--layout-default wp-block-uagb-image--effect-zoomin wp-block-uagb-image--align-none\"><figure class=\"wp-block-uagb-image__figure\"><a class=\"\" href=\"https:\/\/tierenov.fr\/index.php\/travaux-maison-neuve-granville\/\" target=\"\" rel=\"noopener\"><img decoding=\"async\" srcset=\"https:\/\/tierenov.fr\/wp-content\/uploads\/2026\/03\/Sans-titre-3-2.webp ,https:\/\/tierenov.fr\/wp-content\/uploads\/2026\/03\/Sans-titre-3-2.webp 780w, https:\/\/tierenov.fr\/wp-content\/uploads\/2026\/03\/Sans-titre-3-2.webp 360w\" sizes=\"auto, (max-width: 480px) 150px\" src=\"https:\/\/tierenov.fr\/wp-content\/uploads\/2026\/03\/Sans-titre-3-2.webp\" alt=\"photo travaux de r\u00e9novation maison de Granville dans la manche\" class=\"uag-image-540\" width=\"600\" height=\"600\" title=\"Sans titre - 3\" loading=\"lazy\" role=\"img\"\/><\/a><\/figure><\/div>\n\n\n\n<div class=\"wp-block-uagb-advanced-heading uagb-block-baeabd73\"><h2 class=\"uagb-heading-text\">Maison neuve Granville<\/h2><p class=\"uagb-desc-text\">Travaux de peinture, placo, sols et plafond r\u00e9alis\u00e9s dans une maison neuve situ\u00e9 \u00e0 Granville &#8230;<\/p><\/div>\n<\/div>\n\n\n\n<div class=\"wp-block-uagb-container uagb-block-4e5d7a5c\">\n<div class=\"wp-block-uagb-image uagb-block-5aec5676 wp-block-uagb-image--layout-default wp-block-uagb-image--effect-zoomin wp-block-uagb-image--align-none\"><figure class=\"wp-block-uagb-image__figure\"><a class=\"\" href=\"https:\/\/tierenov.fr\/index.php\/renovation-appartement-periers\/\" target=\"\" rel=\"noopener\"><img decoding=\"async\" srcset=\"https:\/\/tierenov.fr\/wp-content\/uploads\/2026\/03\/photo-carre-realisation-02.webp ,https:\/\/tierenov.fr\/wp-content\/uploads\/2026\/03\/photo-carre-realisation-02.webp 780w, https:\/\/tierenov.fr\/wp-content\/uploads\/2026\/03\/photo-carre-realisation-02.webp 360w\" sizes=\"auto, (max-width: 480px) 150px\" src=\"https:\/\/tierenov.fr\/wp-content\/uploads\/2026\/03\/photo-carre-realisation-02.webp\" alt=\"photo d'une cuisine \u00e9quip\u00e9e pos\u00e9 par l'entreprise de r\u00e9novation \u00e0 P\u00e9riers dans la manche (normandie)\" class=\"uag-image-546\" width=\"600\" height=\"600\" title=\"photo-carre\u0301-realisation-02\" loading=\"lazy\" role=\"img\"\/><\/a><\/figure><\/div>\n\n\n\n<div class=\"wp-block-uagb-advanced-heading uagb-block-bd225f0b\"><h2 class=\"uagb-heading-text\">R\u00e9novation appartement P\u00e9riers<\/h2><p class=\"uagb-desc-text\">R\u00e9novation compl\u00e8te d&rsquo;un appartement, isolation, peinture des sols et murs, pose de parquet, installation d&rsquo;une cuisine, ameublement&#8230;<\/p><\/div>\n<\/div>\n\n\n\n<div class=\"wp-block-uagb-container uagb-block-cc8cd7d1\">\n<div class=\"wp-block-uagb-image uagb-block-224804e4 wp-block-uagb-image--layout-default wp-block-uagb-image--effect-zoomin wp-block-uagb-image--align-none\"><figure class=\"wp-block-uagb-image__figure\"><a class=\"\" href=\"https:\/\/tierenov.fr\/index.php\/appartement-bayeux\/\" target=\"\" rel=\"noopener\"><img decoding=\"async\" srcset=\"https:\/\/tierenov.fr\/wp-content\/uploads\/2026\/03\/photo-carre-realisation-03.webp ,https:\/\/tierenov.fr\/wp-content\/uploads\/2026\/03\/photo-carre-realisation-03.webp 780w, https:\/\/tierenov.fr\/wp-content\/uploads\/2026\/03\/photo-carre-realisation-03.webp 360w\" sizes=\"auto, (max-width: 480px) 150px\" src=\"https:\/\/tierenov.fr\/wp-content\/uploads\/2026\/03\/photo-carre-realisation-03.webp\" alt=\"Photo d'une salle de bain lors d'un chantier dans un appartement \u00e0 Bayeux dans le calvados\" class=\"uag-image-548\" width=\"600\" height=\"600\" title=\"photo-carre\u0301-realisation-03\" loading=\"lazy\" role=\"img\"\/><\/a><\/figure><\/div>\n\n\n\n<div class=\"wp-block-uagb-advanced-heading uagb-block-21f1b721\"><h2 class=\"uagb-heading-text\">Appartement Bayeux<\/h2><p class=\"uagb-desc-text\">Remise \u00e0 neuf de cet appartement \u00e0 Bayeux, isolation des murs, refonte du syst\u00e8me \u00e9lectrique, placo, peinture, salle de bain&#8230;<\/p><\/div>\n<\/div>\n\n\n\n<div class=\"wp-block-uagb-container uagb-block-48f2d6d3\">\n<div class=\"wp-block-uagb-image uagb-block-17d63345 wp-block-uagb-image--layout-default wp-block-uagb-image--effect-zoomin wp-block-uagb-image--align-none\"><figure class=\"wp-block-uagb-image__figure\"><a class=\"\" href=\"https:\/\/tierenov.fr\/index.php\/renovation-appartement-vire\/\" target=\"\" rel=\"noopener\"><img decoding=\"async\" srcset=\"https:\/\/tierenov.fr\/wp-content\/uploads\/2026\/03\/photo-carre-realisation-04.webp ,https:\/\/tierenov.fr\/wp-content\/uploads\/2026\/03\/photo-carre-realisation-04.webp 780w, https:\/\/tierenov.fr\/wp-content\/uploads\/2026\/03\/photo-carre-realisation-04.webp 360w\" sizes=\"auto, (max-width: 480px) 150px\" src=\"https:\/\/tierenov.fr\/wp-content\/uploads\/2026\/03\/photo-carre-realisation-04.webp\" alt=\"photo d'une r\u00e9alisations de travaux r\u00e9novation compl\u00e8te d'un appartement situ\u00e9e \u00e0 Vire dans le calvados (Normandie)\" class=\"uag-image-549\" width=\"600\" height=\"600\" title=\"photo-carre\u0301-realisation-04\" loading=\"lazy\" role=\"img\"\/><\/a><\/figure><\/div>\n\n\n\n<div class=\"wp-block-uagb-advanced-heading uagb-block-e95603bb\"><h2 class=\"uagb-heading-text\">Appartement Vire<\/h2><p class=\"uagb-desc-text\">R\u00e9habilitation compl\u00e8te de cet appartement de Vire, isolation, placo, pose des sols, peinture murs et plafond, cuisne, sdb&#8230;<\/p><\/div>\n<\/div>\n\n\n\n<div class=\"wp-block-uagb-container uagb-block-bb5db79c\">\n<div class=\"wp-block-uagb-image uagb-block-e12e0b63 wp-block-uagb-image--layout-default wp-block-uagb-image--effect-zoomin wp-block-uagb-image--align-none\"><figure class=\"wp-block-uagb-image__figure\"><a class=\"\" href=\"https:\/\/tierenov.fr\/index.php\/appartement-location-agneaux\/\" target=\"\" rel=\"noopener\"><img decoding=\"async\" srcset=\"https:\/\/tierenov.fr\/wp-content\/uploads\/2026\/03\/photo-carre-realisation-05.webp ,https:\/\/tierenov.fr\/wp-content\/uploads\/2026\/03\/photo-carre-realisation-05.webp 780w, https:\/\/tierenov.fr\/wp-content\/uploads\/2026\/03\/photo-carre-realisation-05.webp 360w\" sizes=\"auto, (max-width: 480px) 150px\" src=\"https:\/\/tierenov.fr\/wp-content\/uploads\/2026\/03\/photo-carre-realisation-05.webp\" alt=\"Photo de travaux de r\u00e9novation, et d'un cuisine am\u00e9nag\u00e9e dans un appartement \u00e0 Agneaux pr\u00e8s de Saint-L\u00f4\" class=\"uag-image-550\" width=\"600\" height=\"600\" title=\"photo-carre\u0301-realisation-05\" loading=\"lazy\" role=\"img\"\/><\/a><\/figure><\/div>\n\n\n\n<div class=\"wp-block-uagb-advanced-heading uagb-block-3265a313\"><h2 class=\"uagb-heading-text\">Appartement location Agneaux<\/h2><p class=\"uagb-desc-text\">R\u00e9novation pour investisseur (locatif), cr\u00e9ation de cloisons, peinture, sols, plafond, \u00e9lectricit\u00e9 compl\u00e8te, cuisne et salle de bain&#8230;<\/p><\/div>\n<\/div>\n\n\n\n<div class=\"wp-block-uagb-container uagb-block-02e21dcd\">\n<div class=\"wp-block-uagb-image uagb-block-64b9ac6e wp-block-uagb-image--layout-default wp-block-uagb-image--effect-zoomin wp-block-uagb-image--align-none\"><figure class=\"wp-block-uagb-image__figure\"><a class=\"\" href=\"https:\/\/tierenov.fr\/index.php\/appartement-location-coutances\/\" target=\"\" rel=\"noopener\"><img decoding=\"async\" srcset=\"https:\/\/tierenov.fr\/wp-content\/uploads\/2026\/03\/photo-carre-realisation-06.webp ,https:\/\/tierenov.fr\/wp-content\/uploads\/2026\/03\/photo-carre-realisation-06.webp 780w, https:\/\/tierenov.fr\/wp-content\/uploads\/2026\/03\/photo-carre-realisation-06.webp 360w\" sizes=\"auto, (max-width: 480px) 150px\" src=\"https:\/\/tierenov.fr\/wp-content\/uploads\/2026\/03\/photo-carre-realisation-06.webp\" alt=\"Photo de r\u00e9alisation de travaux avec cuisine pour un investissement locatif \u00e0 Coutances (Manche)\" class=\"uag-image-551\" width=\"600\" height=\"600\" title=\"photo-carre\u0301-realisation-06\" loading=\"lazy\" role=\"img\"\/><\/a><\/figure><\/div>\n\n\n\n<div class=\"wp-block-uagb-advanced-heading uagb-block-9662c4b9\"><h2 class=\"uagb-heading-text\">Appartement location Coutances<\/h2><p class=\"uagb-desc-text\">Travaux de modernisation pour investisseur (locatif) dans un appartement \u00e0 Coutances, am\u00e9nagement complet, isolation, peinture, pose d&rsquo;un cuisine, salle de bain&#8230;<\/p><\/div>\n<\/div>\n\n\n\n<div class=\"wp-block-uagb-container uagb-block-6f3bac0c\">\n<div class=\"wp-block-uagb-image uagb-block-81730792 wp-block-uagb-image--layout-default wp-block-uagb-image--effect-zoomin wp-block-uagb-image--align-none\"><figure class=\"wp-block-uagb-image__figure\"><a class=\"\" href=\"https:\/\/tierenov.fr\/index.php\/appartement-location-saint-lo\/\" target=\"\" rel=\"noopener\"><img decoding=\"async\" srcset=\"https:\/\/tierenov.fr\/wp-content\/uploads\/2026\/03\/photo-carre-realisation-07.webp ,https:\/\/tierenov.fr\/wp-content\/uploads\/2026\/03\/photo-carre-realisation-07.webp 780w, https:\/\/tierenov.fr\/wp-content\/uploads\/2026\/03\/photo-carre-realisation-07.webp 360w\" sizes=\"auto, (max-width: 480px) 150px\" src=\"https:\/\/tierenov.fr\/wp-content\/uploads\/2026\/03\/photo-carre-realisation-07.webp\" alt=\"Photo travaux effectu\u00e9 dans un appartement \u00e0 Saint-L\u00f4 pour investisseur locatif en Normandie\" class=\"uag-image-552\" width=\"600\" height=\"600\" title=\"photo-carre\u0301-realisation-07\" loading=\"lazy\" role=\"img\"\/><\/a><\/figure><\/div>\n\n\n\n<div class=\"wp-block-uagb-advanced-heading uagb-block-372dae83\"><h2 class=\"uagb-heading-text\">Appartement location Saint-L\u00f4<\/h2><p class=\"uagb-desc-text\">R\u00e9novation d&rsquo;un appartement \u00e0 Saint-L\u00f4 pour de l&rsquo;investissement locatif, mur, sols et plafond, pose d&rsquo;une cuisine, salle de bain et wc&#8230;<\/p><\/div>\n<\/div>\n\n\n\n<div class=\"wp-block-uagb-container uagb-block-74d204f2\">\n<div class=\"wp-block-uagb-image uagb-block-af8752be wp-block-uagb-image--layout-default wp-block-uagb-image--effect-zoomin wp-block-uagb-image--align-none\"><figure class=\"wp-block-uagb-image__figure\"><a class=\"\" href=\"https:\/\/tierenov.fr\/index.php\/renovation-bureaux-saint-lo\/\" target=\"\" rel=\"noopener\"><img decoding=\"async\" srcset=\"https:\/\/tierenov.fr\/wp-content\/uploads\/2026\/03\/photo-carre-realisation-08.webp ,https:\/\/tierenov.fr\/wp-content\/uploads\/2026\/03\/photo-carre-realisation-08.webp 780w, https:\/\/tierenov.fr\/wp-content\/uploads\/2026\/03\/photo-carre-realisation-08.webp 360w\" sizes=\"auto, (max-width: 480px) 150px\" src=\"https:\/\/tierenov.fr\/wp-content\/uploads\/2026\/03\/photo-carre-realisation-08.webp\" alt=\"Photo d'une r\u00e9habilitation pour des bureaux d'entreprise \u00e0 Saint-L\u00f4\" class=\"uag-image-553\" width=\"600\" height=\"600\" title=\"photo-carre\u0301-realisation-08\" loading=\"lazy\" role=\"img\"\/><\/a><\/figure><\/div>\n\n\n\n<div class=\"wp-block-uagb-advanced-heading uagb-block-76faace4\"><h2 class=\"uagb-heading-text\">Bureaux entreprise Saint-L\u00f4<\/h2><p class=\"uagb-desc-text\">Travaux de r\u00e9habilitation pour des bureaux d&rsquo;entreprise \u00e0 Saint-L\u00f4, pose du sol, \u00e9lectricit\u00e9, peinture compl\u00e8te, installation d&rsquo;une petite cuisine et de sanitaire&#8230;<\/p><\/div>\n<\/div>\n<\/div>\n\n\n\n<div class=\"wp-block-uagb-container uagb-block-c22ce7b4 alignfull uagb-is-root-container\">\n<div class=\"wp-block-uagb-advanced-heading uagb-block-e0426176\"><h2 class=\"uagb-heading-text\">Vos travaux de r\u00e9novation pourrait \u00eatre notre prochaine r\u00e9alisation&#8230;<\/h2><\/div>\n\n\n\n<div class=\"wp-block-uagb-buttons uagb-buttons__outer-wrap uagb-btn__default-btn uagb-btn-tablet__default-btn uagb-btn-mobile__default-btn uagb-block-06dbc044\"><div class=\"uagb-buttons__wrap uagb-buttons-layout-wrap \">\n<div class=\"wp-block-uagb-buttons-child uagb-buttons__outer-wrap uagb-block-d5c4e936 wp-block-button\"><div class=\"uagb-button__wrapper\"><a class=\"uagb-buttons-repeater wp-block-button__link\" aria-label=\"\" href=\"https:\/\/tierenov.fr\/index.php\/contact\/\" rel=\"follow noopener\" target=\"_self\" role=\"button\"><div class=\"uagb-button__link\">Demander un devis gratuit<\/div><\/a><\/div><\/div>\n<\/div><\/div>\n<\/div>\n","protected":false},"excerpt":{"rendered":"<p>Nos r\u00e9alisations de travaux de r\u00e9novation D\u00e9couvrez nos projets et nos r\u00e9alisations en travaux de r\u00e9novation de l\u2019habitat. \u00c0 travers [&hellip;]<\/p>\n","protected":false},"author":1,"featured_media":0,"parent":0,"menu_order":0,"comment_status":"closed","ping_status":"closed","template":"","meta":{"inline_featured_image":false,"_uag_custom_page_level_css":"","site-sidebar-layout":"default","site-content-layout":"","ast-site-content-layout":"default","site-content-style":"default","site-sidebar-style":"default","ast-global-header-display":"","ast-banner-title-visibility":"","ast-main-header-display":"","ast-hfb-above-header-display":"","ast-hfb-below-header-display":"","ast-hfb-mobile-header-display":"","site-post-title":"disabled","ast-breadcrumbs-content":"","ast-featured-img":"","footer-sml-layout":"","ast-disable-related-posts":"","theme-transparent-header-meta":"","adv-header-id-meta":"","stick-header-meta":"","header-above-stick-meta":"","header-main-stick-meta":"","header-below-stick-meta":"","astra-migrate-meta-layouts":"default","ast-page-background-enabled":"default","ast-page-background-meta":{"desktop":{"background-color":"var(--ast-global-color-5)","background-image":"","background-repeat":"repeat","background-position":"center center","background-size":"auto","background-attachment":"scroll","background-type":"","background-media":"","overlay-type":"","overlay-color":"","overlay-opacity":"","overlay-gradient":""},"tablet":{"background-color":"","background-image":"","background-repeat":"repeat","background-position":"center center","background-size":"auto","background-attachment":"scroll","background-type":"","background-media":"","overlay-type":"","overlay-color":"","overlay-opacity":"","overlay-gradient":""},"mobile":{"background-color":"","background-image":"","background-repeat":"repeat","background-position":"center center","background-size":"auto","background-attachment":"scroll","background-type":"","background-media":"","overlay-type":"","overlay-color":"","overlay-opacity":"","overlay-gradient":""}},"ast-content-background-meta":{"desktop":{"background-color":"var(--ast-global-color-4)","background-image":"","background-repeat":"repeat","background-position":"center center","background-size":"auto","background-attachment":"scroll","background-type":"","background-media":"","overlay-type":"","overlay-color":"","overlay-opacity":"","overlay-gradient":""},"tablet":{"background-color":"var(--ast-global-color-4)","background-image":"","background-repeat":"repeat","background-position":"center center","background-size":"auto","background-attachment":"scroll","background-type":"","background-media":"","overlay-type":"","overlay-color":"","overlay-opacity":"","overlay-gradient":""},"mobile":{"background-color":"var(--ast-global-color-4)","background-image":"","background-repeat":"repeat","background-position":"center center","background-size":"auto","background-attachment":"scroll","background-type":"","background-media":"","overlay-type":"","overlay-color":"","overlay-opacity":"","overlay-gradient":""}},"footnotes":""},"class_list":["post-95","page","type-page","status-publish","hentry"],"yoast_head":"<!-- This site is optimized with the Yoast SEO plugin v27.5 - https:\/\/yoast.com\/product\/yoast-seo-wordpress\/ -->\n<title>R\u00e9alisation travaux de r\u00e9novation - TIE RENOV<\/title>\n<meta name=\"description\" content=\"D\u00e9couvrez nos r\u00e9alisations dans la manche: r\u00e9novation d\u2019appartement, maison, locatif, cuisine, salle de bain. Des travaux r\u00e9alis\u00e9s avec soin.\" \/>\n<meta name=\"robots\" content=\"index, follow, max-snippet:-1, max-image-preview:large, max-video-preview:-1\" \/>\n<link rel=\"canonical\" href=\"https:\/\/tierenov.fr\/index.php\/realisations-tavaux-renovation\/\" \/>\n<meta property=\"og:locale\" content=\"fr_FR\" \/>\n<meta property=\"og:type\" content=\"article\" \/>\n<meta property=\"og:title\" content=\"R\u00e9alisation travaux de r\u00e9novation - TIE RENOV\" \/>\n<meta property=\"og:description\" content=\"D\u00e9couvrez nos r\u00e9alisations dans la manche: r\u00e9novation d\u2019appartement, maison, locatif, cuisine, salle de bain. Des travaux r\u00e9alis\u00e9s avec soin.\" \/>\n<meta property=\"og:url\" content=\"https:\/\/tierenov.fr\/index.php\/realisations-tavaux-renovation\/\" \/>\n<meta property=\"og:site_name\" content=\"TIE RENOV\" \/>\n<meta property=\"article:modified_time\" content=\"2026-04-20T10:24:45+00:00\" \/>\n<meta property=\"og:image\" content=\"https:\/\/tierenov.fr\/wp-content\/uploads\/2026\/03\/Sans-titre-3-2.webp\" \/>\n<meta name=\"twitter:card\" content=\"summary_large_image\" \/>\n<meta name=\"twitter:label1\" content=\"Dur\u00e9e de lecture estim\u00e9e\" \/>\n\t<meta name=\"twitter:data1\" content=\"4 minutes\" \/>\n<script type=\"application\/ld+json\" class=\"yoast-schema-graph\">{\"@context\":\"https:\\\/\\\/schema.org\",\"@graph\":[{\"@type\":\"WebPage\",\"@id\":\"https:\\\/\\\/tierenov.fr\\\/index.php\\\/realisations-tavaux-renovation\\\/\",\"url\":\"https:\\\/\\\/tierenov.fr\\\/index.php\\\/realisations-tavaux-renovation\\\/\",\"name\":\"R\u00e9alisation travaux de r\u00e9novation - TIE RENOV\",\"isPartOf\":{\"@id\":\"https:\\\/\\\/tierenov.fr\\\/#website\"},\"primaryImageOfPage\":{\"@id\":\"https:\\\/\\\/tierenov.fr\\\/index.php\\\/realisations-tavaux-renovation\\\/#primaryimage\"},\"image\":{\"@id\":\"https:\\\/\\\/tierenov.fr\\\/index.php\\\/realisations-tavaux-renovation\\\/#primaryimage\"},\"thumbnailUrl\":\"https:\\\/\\\/tierenov.fr\\\/wp-content\\\/uploads\\\/2026\\\/03\\\/Sans-titre-3-2.webp\",\"datePublished\":\"2026-02-23T09:50:55+00:00\",\"dateModified\":\"2026-04-20T10:24:45+00:00\",\"description\":\"D\u00e9couvrez nos r\u00e9alisations dans la manche: r\u00e9novation d\u2019appartement, maison, locatif, cuisine, salle de bain. Des travaux r\u00e9alis\u00e9s avec soin.\",\"breadcrumb\":{\"@id\":\"https:\\\/\\\/tierenov.fr\\\/index.php\\\/realisations-tavaux-renovation\\\/#breadcrumb\"},\"inLanguage\":\"fr-FR\",\"potentialAction\":[{\"@type\":\"ReadAction\",\"target\":[\"https:\\\/\\\/tierenov.fr\\\/index.php\\\/realisations-tavaux-renovation\\\/\"]}]},{\"@type\":\"ImageObject\",\"inLanguage\":\"fr-FR\",\"@id\":\"https:\\\/\\\/tierenov.fr\\\/index.php\\\/realisations-tavaux-renovation\\\/#primaryimage\",\"url\":\"https:\\\/\\\/tierenov.fr\\\/wp-content\\\/uploads\\\/2026\\\/03\\\/Sans-titre-3-2.webp\",\"contentUrl\":\"https:\\\/\\\/tierenov.fr\\\/wp-content\\\/uploads\\\/2026\\\/03\\\/Sans-titre-3-2.webp\"},{\"@type\":\"BreadcrumbList\",\"@id\":\"https:\\\/\\\/tierenov.fr\\\/index.php\\\/realisations-tavaux-renovation\\\/#breadcrumb\",\"itemListElement\":[{\"@type\":\"ListItem\",\"position\":1,\"name\":\"Accueil\",\"item\":\"https:\\\/\\\/tierenov.fr\\\/\"},{\"@type\":\"ListItem\",\"position\":2,\"name\":\"R\u00e9alisation\"}]},{\"@type\":\"WebSite\",\"@id\":\"https:\\\/\\\/tierenov.fr\\\/#website\",\"url\":\"https:\\\/\\\/tierenov.fr\\\/\",\"name\":\"TIE RENOV\",\"description\":\"Une seule \u00e9quipe du d\u00e9but \u00e0 la fin\",\"publisher\":{\"@id\":\"https:\\\/\\\/tierenov.fr\\\/#organization\"},\"potentialAction\":[{\"@type\":\"SearchAction\",\"target\":{\"@type\":\"EntryPoint\",\"urlTemplate\":\"https:\\\/\\\/tierenov.fr\\\/?s={search_term_string}\"},\"query-input\":{\"@type\":\"PropertyValueSpecification\",\"valueRequired\":true,\"valueName\":\"search_term_string\"}}],\"inLanguage\":\"fr-FR\"},{\"@type\":\"Organization\",\"@id\":\"https:\\\/\\\/tierenov.fr\\\/#organization\",\"name\":\"TIE RENOV\",\"url\":\"https:\\\/\\\/tierenov.fr\\\/\",\"logo\":{\"@type\":\"ImageObject\",\"inLanguage\":\"fr-FR\",\"@id\":\"https:\\\/\\\/tierenov.fr\\\/#\\\/schema\\\/logo\\\/image\\\/\",\"url\":\"https:\\\/\\\/tierenov.fr\\\/wp-content\\\/uploads\\\/2026\\\/02\\\/logo-fond-9blanc.svg\",\"contentUrl\":\"https:\\\/\\\/tierenov.fr\\\/wp-content\\\/uploads\\\/2026\\\/02\\\/logo-fond-9blanc.svg\",\"caption\":\"TIE RENOV\"},\"image\":{\"@id\":\"https:\\\/\\\/tierenov.fr\\\/#\\\/schema\\\/logo\\\/image\\\/\"}}]}<\/script>\n<!-- \/ Yoast SEO plugin. -->","yoast_head_json":{"title":"R\u00e9alisation travaux de r\u00e9novation - TIE RENOV","description":"D\u00e9couvrez nos r\u00e9alisations dans la manche: r\u00e9novation d\u2019appartement, maison, locatif, cuisine, salle de bain. Des travaux r\u00e9alis\u00e9s avec soin.","robots":{"index":"index","follow":"follow","max-snippet":"max-snippet:-1","max-image-preview":"max-image-preview:large","max-video-preview":"max-video-preview:-1"},"canonical":"https:\/\/tierenov.fr\/index.php\/realisations-tavaux-renovation\/","og_locale":"fr_FR","og_type":"article","og_title":"R\u00e9alisation travaux de r\u00e9novation - TIE RENOV","og_description":"D\u00e9couvrez nos r\u00e9alisations dans la manche: r\u00e9novation d\u2019appartement, maison, locatif, cuisine, salle de bain. Des travaux r\u00e9alis\u00e9s avec soin.","og_url":"https:\/\/tierenov.fr\/index.php\/realisations-tavaux-renovation\/","og_site_name":"TIE RENOV","article_modified_time":"2026-04-20T10:24:45+00:00","og_image":[{"url":"https:\/\/tierenov.fr\/wp-content\/uploads\/2026\/03\/Sans-titre-3-2.webp","type":"","width":"","height":""}],"twitter_card":"summary_large_image","twitter_misc":{"Dur\u00e9e de lecture estim\u00e9e":"4 minutes"},"schema":{"@context":"https:\/\/schema.org","@graph":[{"@type":"WebPage","@id":"https:\/\/tierenov.fr\/index.php\/realisations-tavaux-renovation\/","url":"https:\/\/tierenov.fr\/index.php\/realisations-tavaux-renovation\/","name":"R\u00e9alisation travaux de r\u00e9novation - TIE RENOV","isPartOf":{"@id":"https:\/\/tierenov.fr\/#website"},"primaryImageOfPage":{"@id":"https:\/\/tierenov.fr\/index.php\/realisations-tavaux-renovation\/#primaryimage"},"image":{"@id":"https:\/\/tierenov.fr\/index.php\/realisations-tavaux-renovation\/#primaryimage"},"thumbnailUrl":"https:\/\/tierenov.fr\/wp-content\/uploads\/2026\/03\/Sans-titre-3-2.webp","datePublished":"2026-02-23T09:50:55+00:00","dateModified":"2026-04-20T10:24:45+00:00","description":"D\u00e9couvrez nos r\u00e9alisations dans la manche: r\u00e9novation d\u2019appartement, maison, locatif, cuisine, salle de bain. Des travaux r\u00e9alis\u00e9s avec soin.","breadcrumb":{"@id":"https:\/\/tierenov.fr\/index.php\/realisations-tavaux-renovation\/#breadcrumb"},"inLanguage":"fr-FR","potentialAction":[{"@type":"ReadAction","target":["https:\/\/tierenov.fr\/index.php\/realisations-tavaux-renovation\/"]}]},{"@type":"ImageObject","inLanguage":"fr-FR","@id":"https:\/\/tierenov.fr\/index.php\/realisations-tavaux-renovation\/#primaryimage","url":"https:\/\/tierenov.fr\/wp-content\/uploads\/2026\/03\/Sans-titre-3-2.webp","contentUrl":"https:\/\/tierenov.fr\/wp-content\/uploads\/2026\/03\/Sans-titre-3-2.webp"},{"@type":"BreadcrumbList","@id":"https:\/\/tierenov.fr\/index.php\/realisations-tavaux-renovation\/#breadcrumb","itemListElement":[{"@type":"ListItem","position":1,"name":"Accueil","item":"https:\/\/tierenov.fr\/"},{"@type":"ListItem","position":2,"name":"R\u00e9alisation"}]},{"@type":"WebSite","@id":"https:\/\/tierenov.fr\/#website","url":"https:\/\/tierenov.fr\/","name":"TIE RENOV","description":"Une seule \u00e9quipe du d\u00e9but \u00e0 la fin","publisher":{"@id":"https:\/\/tierenov.fr\/#organization"},"potentialAction":[{"@type":"SearchAction","target":{"@type":"EntryPoint","urlTemplate":"https:\/\/tierenov.fr\/?s={search_term_string}"},"query-input":{"@type":"PropertyValueSpecification","valueRequired":true,"valueName":"search_term_string"}}],"inLanguage":"fr-FR"},{"@type":"Organization","@id":"https:\/\/tierenov.fr\/#organization","name":"TIE RENOV","url":"https:\/\/tierenov.fr\/","logo":{"@type":"ImageObject","inLanguage":"fr-FR","@id":"https:\/\/tierenov.fr\/#\/schema\/logo\/image\/","url":"https:\/\/tierenov.fr\/wp-content\/uploads\/2026\/02\/logo-fond-9blanc.svg","contentUrl":"https:\/\/tierenov.fr\/wp-content\/uploads\/2026\/02\/logo-fond-9blanc.svg","caption":"TIE RENOV"},"image":{"@id":"https:\/\/tierenov.fr\/#\/schema\/logo\/image\/"}}]}},"uagb_featured_image_src":{"full":false,"thumbnail":false,"medium":false,"medium_large":false,"large":false,"1536x1536":false,"2048x2048":false},"uagb_author_info":{"display_name":"Bastien","author_link":"https:\/\/tierenov.fr\/index.php\/author\/admin1415\/"},"uagb_comment_info":0,"uagb_excerpt":"Nos r\u00e9alisations de travaux de r\u00e9novation D\u00e9couvrez nos projets et nos r\u00e9alisations en travaux de r\u00e9novation de l\u2019habitat. \u00c0 travers [&hellip;]","_links":{"self":[{"href":"https:\/\/tierenov.fr\/index.php\/wp-json\/wp\/v2\/pages\/95","targetHints":{"allow":["GET"]}}],"collection":[{"href":"https:\/\/tierenov.fr\/index.php\/wp-json\/wp\/v2\/pages"}],"about":[{"href":"https:\/\/tierenov.fr\/index.php\/wp-json\/wp\/v2\/types\/page"}],"author":[{"embeddable":true,"href":"https:\/\/tierenov.fr\/index.php\/wp-json\/wp\/v2\/users\/1"}],"replies":[{"embeddable":true,"href":"https:\/\/tierenov.fr\/index.php\/wp-json\/wp\/v2\/comments?post=95"}],"version-history":[{"count":70,"href":"https:\/\/tierenov.fr\/index.php\/wp-json\/wp\/v2\/pages\/95\/revisions"}],"predecessor-version":[{"id":1266,"href":"https:\/\/tierenov.fr\/index.php\/wp-json\/wp\/v2\/pages\/95\/revisions\/1266"}],"wp:attachment":[{"href":"https:\/\/tierenov.fr\/index.php\/wp-json\/wp\/v2\/media?parent=95"}],"curies":[{"name":"wp","href":"https:\/\/api.w.org\/{rel}","templated":true}]}}