{"id":93,"date":"2026-02-23T09:44:17","date_gmt":"2026-02-23T09:44:17","guid":{"rendered":"https:\/\/tierenov.fr\/?page_id=93"},"modified":"2026-04-20T10:23:42","modified_gmt":"2026-04-20T10:23:42","slug":"financer-travaux-renovation","status":"publish","type":"page","link":"https:\/\/tierenov.fr\/index.php\/financer-travaux-renovation\/","title":{"rendered":"Financement"},"content":{"rendered":"\n<div class=\"wp-block-uagb-container uagb-block-6f1f9e62 alignfull uagb-is-root-container\">\n<div class=\"wp-block-uagb-image uagb-block-3a449c0b wp-block-uagb-image--layout-default wp-block-uagb-image--effect-static wp-block-uagb-image--align-none\"><figure class=\"wp-block-uagb-image__figure\"><img decoding=\"async\" srcset=\"https:\/\/tierenov.fr\/wp-content\/uploads\/2026\/02\/baniere-financement-1024x267.webp ,https:\/\/tierenov.fr\/wp-content\/uploads\/2026\/02\/baniere-financement.webp 780w, https:\/\/tierenov.fr\/wp-content\/uploads\/2026\/02\/baniere-financement.webp 360w\" sizes=\"auto, (max-width: 480px) 150px\" src=\"https:\/\/tierenov.fr\/wp-content\/uploads\/2026\/02\/baniere-financement-1024x267.webp\" alt=\"Photo avec calculette et casque de chantier pour illustrer le financement de vos travaux de r\u00e9novation\" class=\"uag-image-428\" width=\"1920\" height=\"500\" title=\"baniere-financement\" loading=\"lazy\" role=\"img\"\/><\/figure><\/div>\n<\/div>\n\n\n\n<div class=\"wp-block-uagb-container uagb-block-238633a6 alignfull uagb-is-root-container\">\n<div class=\"wp-block-uagb-advanced-heading uagb-block-67a726cd\"><h1 class=\"uagb-heading-text\">Financer vos travaux de r\u00e9novation.<\/h1><\/div>\n\n\n\n<p style=\"margin-top:0;margin-bottom:0;padding-top:0;padding-right:0;padding-bottom:0;padding-left:0;font-size:24px\">Entreprendre des travaux de r\u00e9novation est une d\u00e9cision importante. Isolation, chauffage, menuiseries, r\u00e9novation globale\u2026 ces projets repr\u00e9sentent un investissement, mais aussi une r\u00e9elle valorisation de votre habitat.<\/p>\n\n\n\n<p style=\"margin-top:0;margin-bottom:0;padding-top:0;padding-right:0;padding-bottom:0;padding-left:0;font-size:24px\">Bonne nouvelle : de nombreuses aides financi\u00e8res existent pour all\u00e9ger votre budget.<\/p>\n\n\n\n<p style=\"margin-top:0;margin-bottom:0;padding-top:0;padding-right:0;padding-bottom:0;padding-left:0;font-size:24px\">Chez nous, nous vous accompagnons \u00e0 chaque \u00e9tape pour identifier les dispositifs auxquels vous \u00eates \u00e9ligible et simplifier vos d\u00e9marches administratives.<\/p>\n\n\n\n<div class=\"wp-block-uagb-buttons uagb-buttons__outer-wrap uagb-btn__default-btn uagb-btn-tablet__default-btn uagb-btn-mobile__default-btn uagb-block-d85cc5b9\"><div class=\"uagb-buttons__wrap uagb-buttons-layout-wrap \">\n<div class=\"wp-block-uagb-buttons-child uagb-buttons__outer-wrap uagb-block-8ae1d4f5 wp-block-button\"><div class=\"uagb-button__wrapper\"><a class=\"uagb-buttons-repeater wp-block-button__link\" aria-label=\"\" href=\"https:\/\/tierenov.fr\/index.php\/contact\/\" rel=\"follow noopener\" target=\"_self\" role=\"button\"><div class=\"uagb-button__link\">Nous contacter<\/div><\/a><\/div><\/div>\n<\/div><\/div>\n<\/div>\n\n\n\n<div class=\"wp-block-uagb-container uagb-block-3a0514ba alignfull uagb-is-root-container\">\n<div class=\"wp-block-uagb-container uagb-block-316df03a\">\n<div class=\"wp-block-uagb-advanced-heading uagb-block-d77ab2d7\"><h2 class=\"uagb-heading-text\">Un accompagnement financier s\u00e9curis\u00e9 pour vos travaux<\/h2><p class=\"uagb-desc-text\">Un partenaire expert pour simplifier vos d\u00e9marches et optimiser vos aides<\/p><\/div>\n\n\n\n<p class=\"has-text-align-right\" style=\"margin-top:0;margin-bottom:0;padding-top:0;padding-bottom:0;font-size:24px\">Pour vous garantir un montage de dossier rigoureux et conforme aux exigences des organismes financeurs, nous collaborons avec un partenaire sp\u00e9cialis\u00e9 dans l\u2019accompagnement des aides \u00e0 la r\u00e9novation : <a href=\"https:\/\/herrelconseils.com\/\" type=\"link\" id=\"https:\/\/herrelconseils.com\/\" target=\"_blank\" rel=\"noreferrer noopener\">Herrel Conseil<\/a>.<\/p>\n\n\n\n<p class=\"has-text-align-right\" style=\"margin-top:0;margin-bottom:0;padding-top:0;padding-bottom:0;font-size:24px\">Ce prestataire ind\u00e9pendant analyse votre situation, v\u00e9rifie votre \u00e9ligibilit\u00e9 aux diff\u00e9rents dispositifs et assure le suivi administratif de votre dossier. Son expertise permet d\u2019optimiser votre plan de financement tout en s\u00e9curisant chaque \u00e9tape du processus.<\/p>\n\n\n\n<p class=\"has-text-align-right\" style=\"margin-top:0;margin-bottom:0;padding-top:0;padding-bottom:0;font-size:24px\">Vous b\u00e9n\u00e9ficiez ainsi d\u2019un accompagnement structur\u00e9 et transparent pour aborder votre projet de r\u00e9novation en toute s\u00e9r\u00e9nit\u00e9.<\/p>\n\n\n\n<div class=\"wp-block-uagb-buttons uagb-buttons__outer-wrap uagb-btn__default-btn uagb-btn-tablet__default-btn uagb-btn-mobile__default-btn uagb-block-a51b30ca\"><div class=\"uagb-buttons__wrap uagb-buttons-layout-wrap \">\n<div class=\"wp-block-uagb-buttons-child uagb-buttons__outer-wrap uagb-block-14783621 wp-block-button\"><div class=\"uagb-button__wrapper\"><a class=\"uagb-buttons-repeater wp-block-button__link\" aria-label=\"\" href=\"https:\/\/herrelconseils.com\/\" rel=\"follow noopener\" target=\"_blank\" role=\"button\"><div class=\"uagb-button__link\">Contacter Herrel Conseils<\/div><\/a><\/div><\/div>\n<\/div><\/div>\n<\/div>\n\n\n\n<div class=\"wp-block-uagb-container uagb-block-e46cbbcd\">\n<div class=\"wp-block-uagb-image aligncenter uagb-block-5036acf7 wp-block-uagb-image--layout-default wp-block-uagb-image--effect-static wp-block-uagb-image--align-center\"><figure class=\"wp-block-uagb-image__figure\"><img decoding=\"async\" srcset=\"https:\/\/tierenov.fr\/wp-content\/uploads\/2026\/03\/herrel-576x1024.webp ,https:\/\/tierenov.fr\/wp-content\/uploads\/2026\/03\/herrel.webp 780w, https:\/\/tierenov.fr\/wp-content\/uploads\/2026\/03\/herrel.webp 360w\" sizes=\"auto, (max-width: 480px) 150px\" src=\"https:\/\/tierenov.fr\/wp-content\/uploads\/2026\/03\/herrel-576x1024.webp\" alt=\"\" class=\"uag-image-993\" width=\"1080\" height=\"1920\" title=\"herrel\" loading=\"lazy\" role=\"img\"\/><\/figure><\/div>\n<\/div>\n<\/div>\n\n\n\n<div class=\"wp-block-uagb-container uagb-block-a68796e6 alignfull uagb-is-root-container\">\n<div class=\"wp-block-uagb-container uagb-block-0e60b812\">\n<div class=\"wp-block-uagb-image aligncenter uagb-block-af715cfd wp-block-uagb-image--layout-default wp-block-uagb-image--effect-static wp-block-uagb-image--align-center\"><figure class=\"wp-block-uagb-image__figure\"><img decoding=\"async\" srcset=\"https:\/\/tierenov.fr\/wp-content\/uploads\/2026\/02\/tva10-576x1024.webp ,https:\/\/tierenov.fr\/wp-content\/uploads\/2026\/02\/tva10.webp 780w, https:\/\/tierenov.fr\/wp-content\/uploads\/2026\/02\/tva10.webp 360w\" sizes=\"auto, (max-width: 480px) 150px\" src=\"https:\/\/tierenov.fr\/wp-content\/uploads\/2026\/02\/tva10-576x1024.webp\" alt=\"image illustrant la TVA r\u00e9duite \u00e0 10% pour les travaux de r\u00e9novation\" class=\"uag-image-462\" width=\"576\" height=\"700\" title=\"tva10\" loading=\"lazy\" role=\"img\"\/><\/figure><\/div>\n<\/div>\n\n\n\n<div class=\"wp-block-uagb-container uagb-block-3d9bacc0\">\n<div class=\"wp-block-uagb-advanced-heading uagb-block-68cd4d63\"><h2 class=\"uagb-heading-text\">TVA r\u00e9duite \u00e0 10%<\/h2><\/div>\n\n\n\n<p class=\"has-text-align-left\" style=\"margin-top:0;margin-bottom:0;padding-top:0;padding-bottom:0;font-size:24px\">Selon la nature de votre logement et les travaux r\u00e9alis\u00e9s, vous pouvez b\u00e9n\u00e9ficier d\u2019une TVA r\u00e9duite \u00e0 10 % au lieu du taux normal de 20 %. Cette mesure concerne principalement les travaux d\u2019am\u00e9lioration, de transformation, d\u2019am\u00e9nagement ou d\u2019entretien r\u00e9alis\u00e9s dans un logement achev\u00e9 depuis plus de deux ans.<\/p>\n\n\n\n<p style=\"margin-top:0;margin-bottom:0;padding-top:0;padding-bottom:0;font-size:24px\">La TVA \u00e0 10 % s\u2019applique notamment aux travaux de r\u00e9novation int\u00e9rieure, d\u2019am\u00e9nagement ou encore \u00e0 certaines interventions sur les \u00e9quipements existants. Elle est directement int\u00e9gr\u00e9e \u00e0 votre devis lorsque votre situation est \u00e9ligible, sans d\u00e9marche complexe de votre part.<\/p>\n\n\n\n<p class=\"has-text-align-left\" style=\"margin-top:0;margin-bottom:0;padding-top:0;padding-bottom:0;font-size:24px\">Nous vous accompagnons pour v\u00e9rifier votre \u00e9ligibilit\u00e9 et appliquer le taux adapt\u00e9 \u00e0 votre projet, afin d\u2019optimiser votre budget travaux en toute transparence.<\/p>\n\n\n\n<div class=\"wp-block-uagb-buttons uagb-buttons__outer-wrap uagb-btn__default-btn uagb-btn-tablet__default-btn uagb-btn-mobile__default-btn uagb-block-04c9bc4e\"><div class=\"uagb-buttons__wrap uagb-buttons-layout-wrap \">\n<div class=\"wp-block-uagb-buttons-child uagb-buttons__outer-wrap uagb-block-4a34087b wp-block-button\"><div class=\"uagb-button__wrapper\"><a class=\"uagb-buttons-repeater wp-block-button__link\" aria-label=\"\" href=\"https:\/\/www.economie.gouv.fr\/particuliers\/impots-et-fiscalite\/gerer-mes-autres-impots-et-taxes\/tva-taux-reduit-pour-quels-travaux\" rel=\"follow noopener\" target=\"_blank\" role=\"button\"><div class=\"uagb-button__link\">En savoir plus<\/div><span class=\"uagb-button__icon uagb-button__icon-position-after\"><svg xmlns=\"https:\/\/www.w3.org\/2000\/svg\" viewBox=\"0 0 448 512\" aria-hidden=\"true\" focussable=\"false\"><path d=\"M438.6 278.6l-160 160C272.4 444.9 264.2 448 256 448s-16.38-3.125-22.62-9.375c-12.5-12.5-12.5-32.75 0-45.25L338.8 288H32C14.33 288 .0016 273.7 .0016 256S14.33 224 32 224h306.8l-105.4-105.4c-12.5-12.5-12.5-32.75 0-45.25s32.75-12.5 45.25 0l160 160C451.1 245.9 451.1 266.1 438.6 278.6z\"><\/path><\/svg><\/span><\/a><\/div><\/div>\n<\/div><\/div>\n<\/div>\n<\/div>\n\n\n\n<div class=\"wp-block-uagb-container uagb-block-c22ce7b4 alignfull uagb-is-root-container\">\n<div class=\"wp-block-uagb-advanced-heading uagb-block-e0426176\"><h2 class=\"uagb-heading-text\">Contactez-nous d\u00e8s aujourd\u2019hui pour une \u00e9tude personnalis\u00e9e et d\u00e9couvrez les aides auxquelles vous pouvez pr\u00e9tendre.<\/h2><\/div>\n\n\n\n<div class=\"wp-block-uagb-buttons uagb-buttons__outer-wrap uagb-btn__default-btn uagb-btn-tablet__default-btn uagb-btn-mobile__default-btn uagb-block-06dbc044\"><div class=\"uagb-buttons__wrap uagb-buttons-layout-wrap \">\n<div class=\"wp-block-uagb-buttons-child uagb-buttons__outer-wrap uagb-block-d5c4e936 wp-block-button\"><div class=\"uagb-button__wrapper\"><a class=\"uagb-buttons-repeater wp-block-button__link\" aria-label=\"\" href=\"https:\/\/tierenov.fr\/index.php\/contact\/\" rel=\"follow noopener\" target=\"_self\" role=\"button\"><div class=\"uagb-button__link\">Demander un devis gratuit<\/div><\/a><\/div><\/div>\n<\/div><\/div>\n<\/div>\n","protected":false},"excerpt":{"rendered":"<p>Financer vos travaux de r\u00e9novation. Entreprendre des travaux de r\u00e9novation est une d\u00e9cision importante. Isolation, chauffage, menuiseries, r\u00e9novation globale\u2026 ces [&hellip;]<\/p>\n","protected":false},"author":1,"featured_media":0,"parent":0,"menu_order":0,"comment_status":"closed","ping_status":"closed","template":"","meta":{"inline_featured_image":false,"_uag_custom_page_level_css":"","site-sidebar-layout":"default","site-content-layout":"","ast-site-content-layout":"default","site-content-style":"default","site-sidebar-style":"default","ast-global-header-display":"","ast-banner-title-visibility":"","ast-main-header-display":"","ast-hfb-above-header-display":"","ast-hfb-below-header-display":"","ast-hfb-mobile-header-display":"","site-post-title":"disabled","ast-breadcrumbs-content":"","ast-featured-img":"","footer-sml-layout":"","ast-disable-related-posts":"","theme-transparent-header-meta":"","adv-header-id-meta":"","stick-header-meta":"","header-above-stick-meta":"","header-main-stick-meta":"","header-below-stick-meta":"","astra-migrate-meta-layouts":"default","ast-page-background-enabled":"default","ast-page-background-meta":{"desktop":{"background-color":"var(--ast-global-color-5)","background-image":"","background-repeat":"repeat","background-position":"center center","background-size":"auto","background-attachment":"scroll","background-type":"","background-media":"","overlay-type":"","overlay-color":"","overlay-opacity":"","overlay-gradient":""},"tablet":{"background-color":"","background-image":"","background-repeat":"repeat","background-position":"center center","background-size":"auto","background-attachment":"scroll","background-type":"","background-media":"","overlay-type":"","overlay-color":"","overlay-opacity":"","overlay-gradient":""},"mobile":{"background-color":"","background-image":"","background-repeat":"repeat","background-position":"center center","background-size":"auto","background-attachment":"scroll","background-type":"","background-media":"","overlay-type":"","overlay-color":"","overlay-opacity":"","overlay-gradient":""}},"ast-content-background-meta":{"desktop":{"background-color":"var(--ast-global-color-4)","background-image":"","background-repeat":"repeat","background-position":"center center","background-size":"auto","background-attachment":"scroll","background-type":"","background-media":"","overlay-type":"","overlay-color":"","overlay-opacity":"","overlay-gradient":""},"tablet":{"background-color":"var(--ast-global-color-4)","background-image":"","background-repeat":"repeat","background-position":"center center","background-size":"auto","background-attachment":"scroll","background-type":"","background-media":"","overlay-type":"","overlay-color":"","overlay-opacity":"","overlay-gradient":""},"mobile":{"background-color":"var(--ast-global-color-4)","background-image":"","background-repeat":"repeat","background-position":"center center","background-size":"auto","background-attachment":"scroll","background-type":"","background-media":"","overlay-type":"","overlay-color":"","overlay-opacity":"","overlay-gradient":""}},"footnotes":""},"class_list":["post-93","page","type-page","status-publish","hentry"],"yoast_head":"<!-- This site is optimized with the Yoast SEO plugin v27.5 - https:\/\/yoast.com\/product\/yoast-seo-wordpress\/ -->\n<title>Comment financer vos travaux de r\u00e9novation<\/title>\n<meta name=\"description\" content=\"D\u00e9couvrez les solutions de financement pour vos travaux de r\u00e9novation avec TIE R\u00e9nov : aides, TVA r\u00e9duite...\" \/>\n<meta name=\"robots\" content=\"index, follow, max-snippet:-1, max-image-preview:large, max-video-preview:-1\" \/>\n<link rel=\"canonical\" href=\"https:\/\/tierenov.fr\/index.php\/financer-travaux-renovation\/\" \/>\n<meta property=\"og:locale\" content=\"fr_FR\" \/>\n<meta property=\"og:type\" content=\"article\" \/>\n<meta property=\"og:title\" content=\"Comment financer vos travaux de r\u00e9novation\" \/>\n<meta property=\"og:description\" content=\"D\u00e9couvrez les solutions de financement pour vos travaux de r\u00e9novation avec TIE R\u00e9nov : aides, TVA r\u00e9duite...\" \/>\n<meta property=\"og:url\" content=\"https:\/\/tierenov.fr\/index.php\/financer-travaux-renovation\/\" \/>\n<meta property=\"og:site_name\" content=\"TIE RENOV\" \/>\n<meta property=\"article:modified_time\" content=\"2026-04-20T10:23:42+00:00\" \/>\n<meta property=\"og:image\" content=\"https:\/\/tierenov.fr\/wp-content\/uploads\/2026\/02\/baniere-financement-1024x267.webp\" \/>\n<meta name=\"twitter:card\" content=\"summary_large_image\" \/>\n<meta name=\"twitter:label1\" content=\"Dur\u00e9e de lecture estim\u00e9e\" \/>\n\t<meta name=\"twitter:data1\" content=\"3 minutes\" \/>\n<script type=\"application\/ld+json\" class=\"yoast-schema-graph\">{\"@context\":\"https:\\\/\\\/schema.org\",\"@graph\":[{\"@type\":\"WebPage\",\"@id\":\"https:\\\/\\\/tierenov.fr\\\/index.php\\\/financer-travaux-renovation\\\/\",\"url\":\"https:\\\/\\\/tierenov.fr\\\/index.php\\\/financer-travaux-renovation\\\/\",\"name\":\"Comment financer vos travaux de r\u00e9novation\",\"isPartOf\":{\"@id\":\"https:\\\/\\\/tierenov.fr\\\/#website\"},\"primaryImageOfPage\":{\"@id\":\"https:\\\/\\\/tierenov.fr\\\/index.php\\\/financer-travaux-renovation\\\/#primaryimage\"},\"image\":{\"@id\":\"https:\\\/\\\/tierenov.fr\\\/index.php\\\/financer-travaux-renovation\\\/#primaryimage\"},\"thumbnailUrl\":\"https:\\\/\\\/tierenov.fr\\\/wp-content\\\/uploads\\\/2026\\\/02\\\/baniere-financement-1024x267.webp\",\"datePublished\":\"2026-02-23T09:44:17+00:00\",\"dateModified\":\"2026-04-20T10:23:42+00:00\",\"description\":\"D\u00e9couvrez les solutions de financement pour vos travaux de r\u00e9novation avec TIE R\u00e9nov : aides, TVA r\u00e9duite...\",\"breadcrumb\":{\"@id\":\"https:\\\/\\\/tierenov.fr\\\/index.php\\\/financer-travaux-renovation\\\/#breadcrumb\"},\"inLanguage\":\"fr-FR\",\"potentialAction\":[{\"@type\":\"ReadAction\",\"target\":[\"https:\\\/\\\/tierenov.fr\\\/index.php\\\/financer-travaux-renovation\\\/\"]}]},{\"@type\":\"ImageObject\",\"inLanguage\":\"fr-FR\",\"@id\":\"https:\\\/\\\/tierenov.fr\\\/index.php\\\/financer-travaux-renovation\\\/#primaryimage\",\"url\":\"https:\\\/\\\/tierenov.fr\\\/wp-content\\\/uploads\\\/2026\\\/02\\\/baniere-financement-1024x267.webp\",\"contentUrl\":\"https:\\\/\\\/tierenov.fr\\\/wp-content\\\/uploads\\\/2026\\\/02\\\/baniere-financement-1024x267.webp\"},{\"@type\":\"BreadcrumbList\",\"@id\":\"https:\\\/\\\/tierenov.fr\\\/index.php\\\/financer-travaux-renovation\\\/#breadcrumb\",\"itemListElement\":[{\"@type\":\"ListItem\",\"position\":1,\"name\":\"Accueil\",\"item\":\"https:\\\/\\\/tierenov.fr\\\/\"},{\"@type\":\"ListItem\",\"position\":2,\"name\":\"Financement\"}]},{\"@type\":\"WebSite\",\"@id\":\"https:\\\/\\\/tierenov.fr\\\/#website\",\"url\":\"https:\\\/\\\/tierenov.fr\\\/\",\"name\":\"TIE RENOV\",\"description\":\"Une seule \u00e9quipe du d\u00e9but \u00e0 la fin\",\"publisher\":{\"@id\":\"https:\\\/\\\/tierenov.fr\\\/#organization\"},\"potentialAction\":[{\"@type\":\"SearchAction\",\"target\":{\"@type\":\"EntryPoint\",\"urlTemplate\":\"https:\\\/\\\/tierenov.fr\\\/?s={search_term_string}\"},\"query-input\":{\"@type\":\"PropertyValueSpecification\",\"valueRequired\":true,\"valueName\":\"search_term_string\"}}],\"inLanguage\":\"fr-FR\"},{\"@type\":\"Organization\",\"@id\":\"https:\\\/\\\/tierenov.fr\\\/#organization\",\"name\":\"TIE RENOV\",\"url\":\"https:\\\/\\\/tierenov.fr\\\/\",\"logo\":{\"@type\":\"ImageObject\",\"inLanguage\":\"fr-FR\",\"@id\":\"https:\\\/\\\/tierenov.fr\\\/#\\\/schema\\\/logo\\\/image\\\/\",\"url\":\"https:\\\/\\\/tierenov.fr\\\/wp-content\\\/uploads\\\/2026\\\/02\\\/logo-fond-9blanc.svg\",\"contentUrl\":\"https:\\\/\\\/tierenov.fr\\\/wp-content\\\/uploads\\\/2026\\\/02\\\/logo-fond-9blanc.svg\",\"caption\":\"TIE RENOV\"},\"image\":{\"@id\":\"https:\\\/\\\/tierenov.fr\\\/#\\\/schema\\\/logo\\\/image\\\/\"}}]}<\/script>\n<!-- \/ Yoast SEO plugin. -->","yoast_head_json":{"title":"Comment financer vos travaux de r\u00e9novation","description":"D\u00e9couvrez les solutions de financement pour vos travaux de r\u00e9novation avec TIE R\u00e9nov : aides, TVA r\u00e9duite...","robots":{"index":"index","follow":"follow","max-snippet":"max-snippet:-1","max-image-preview":"max-image-preview:large","max-video-preview":"max-video-preview:-1"},"canonical":"https:\/\/tierenov.fr\/index.php\/financer-travaux-renovation\/","og_locale":"fr_FR","og_type":"article","og_title":"Comment financer vos travaux de r\u00e9novation","og_description":"D\u00e9couvrez les solutions de financement pour vos travaux de r\u00e9novation avec TIE R\u00e9nov : aides, TVA r\u00e9duite...","og_url":"https:\/\/tierenov.fr\/index.php\/financer-travaux-renovation\/","og_site_name":"TIE RENOV","article_modified_time":"2026-04-20T10:23:42+00:00","og_image":[{"url":"https:\/\/tierenov.fr\/wp-content\/uploads\/2026\/02\/baniere-financement-1024x267.webp","type":"","width":"","height":""}],"twitter_card":"summary_large_image","twitter_misc":{"Dur\u00e9e de lecture estim\u00e9e":"3 minutes"},"schema":{"@context":"https:\/\/schema.org","@graph":[{"@type":"WebPage","@id":"https:\/\/tierenov.fr\/index.php\/financer-travaux-renovation\/","url":"https:\/\/tierenov.fr\/index.php\/financer-travaux-renovation\/","name":"Comment financer vos travaux de r\u00e9novation","isPartOf":{"@id":"https:\/\/tierenov.fr\/#website"},"primaryImageOfPage":{"@id":"https:\/\/tierenov.fr\/index.php\/financer-travaux-renovation\/#primaryimage"},"image":{"@id":"https:\/\/tierenov.fr\/index.php\/financer-travaux-renovation\/#primaryimage"},"thumbnailUrl":"https:\/\/tierenov.fr\/wp-content\/uploads\/2026\/02\/baniere-financement-1024x267.webp","datePublished":"2026-02-23T09:44:17+00:00","dateModified":"2026-04-20T10:23:42+00:00","description":"D\u00e9couvrez les solutions de financement pour vos travaux de r\u00e9novation avec TIE R\u00e9nov : aides, TVA r\u00e9duite...","breadcrumb":{"@id":"https:\/\/tierenov.fr\/index.php\/financer-travaux-renovation\/#breadcrumb"},"inLanguage":"fr-FR","potentialAction":[{"@type":"ReadAction","target":["https:\/\/tierenov.fr\/index.php\/financer-travaux-renovation\/"]}]},{"@type":"ImageObject","inLanguage":"fr-FR","@id":"https:\/\/tierenov.fr\/index.php\/financer-travaux-renovation\/#primaryimage","url":"https:\/\/tierenov.fr\/wp-content\/uploads\/2026\/02\/baniere-financement-1024x267.webp","contentUrl":"https:\/\/tierenov.fr\/wp-content\/uploads\/2026\/02\/baniere-financement-1024x267.webp"},{"@type":"BreadcrumbList","@id":"https:\/\/tierenov.fr\/index.php\/financer-travaux-renovation\/#breadcrumb","itemListElement":[{"@type":"ListItem","position":1,"name":"Accueil","item":"https:\/\/tierenov.fr\/"},{"@type":"ListItem","position":2,"name":"Financement"}]},{"@type":"WebSite","@id":"https:\/\/tierenov.fr\/#website","url":"https:\/\/tierenov.fr\/","name":"TIE RENOV","description":"Une seule \u00e9quipe du d\u00e9but \u00e0 la fin","publisher":{"@id":"https:\/\/tierenov.fr\/#organization"},"potentialAction":[{"@type":"SearchAction","target":{"@type":"EntryPoint","urlTemplate":"https:\/\/tierenov.fr\/?s={search_term_string}"},"query-input":{"@type":"PropertyValueSpecification","valueRequired":true,"valueName":"search_term_string"}}],"inLanguage":"fr-FR"},{"@type":"Organization","@id":"https:\/\/tierenov.fr\/#organization","name":"TIE RENOV","url":"https:\/\/tierenov.fr\/","logo":{"@type":"ImageObject","inLanguage":"fr-FR","@id":"https:\/\/tierenov.fr\/#\/schema\/logo\/image\/","url":"https:\/\/tierenov.fr\/wp-content\/uploads\/2026\/02\/logo-fond-9blanc.svg","contentUrl":"https:\/\/tierenov.fr\/wp-content\/uploads\/2026\/02\/logo-fond-9blanc.svg","caption":"TIE RENOV"},"image":{"@id":"https:\/\/tierenov.fr\/#\/schema\/logo\/image\/"}}]}},"uagb_featured_image_src":{"full":false,"thumbnail":false,"medium":false,"medium_large":false,"large":false,"1536x1536":false,"2048x2048":false},"uagb_author_info":{"display_name":"Bastien","author_link":"https:\/\/tierenov.fr\/index.php\/author\/admin1415\/"},"uagb_comment_info":0,"uagb_excerpt":"Financer vos travaux de r\u00e9novation. Entreprendre des travaux de r\u00e9novation est une d\u00e9cision importante. Isolation, chauffage, menuiseries, r\u00e9novation globale\u2026 ces [&hellip;]","_links":{"self":[{"href":"https:\/\/tierenov.fr\/index.php\/wp-json\/wp\/v2\/pages\/93","targetHints":{"allow":["GET"]}}],"collection":[{"href":"https:\/\/tierenov.fr\/index.php\/wp-json\/wp\/v2\/pages"}],"about":[{"href":"https:\/\/tierenov.fr\/index.php\/wp-json\/wp\/v2\/types\/page"}],"author":[{"embeddable":true,"href":"https:\/\/tierenov.fr\/index.php\/wp-json\/wp\/v2\/users\/1"}],"replies":[{"embeddable":true,"href":"https:\/\/tierenov.fr\/index.php\/wp-json\/wp\/v2\/comments?post=93"}],"version-history":[{"count":53,"href":"https:\/\/tierenov.fr\/index.php\/wp-json\/wp\/v2\/pages\/93\/revisions"}],"predecessor-version":[{"id":1265,"href":"https:\/\/tierenov.fr\/index.php\/wp-json\/wp\/v2\/pages\/93\/revisions\/1265"}],"wp:attachment":[{"href":"https:\/\/tierenov.fr\/index.php\/wp-json\/wp\/v2\/media?parent=93"}],"curies":[{"name":"wp","href":"https:\/\/api.w.org\/{rel}","templated":true}]}}